{"id":94,"date":"2018-06-13T16:03:07","date_gmt":"2018-06-13T22:03:07","guid":{"rendered":"https:\/\/www.posadalunasol.com\/wordpress\/?page_id=94"},"modified":"2018-06-13T16:03:07","modified_gmt":"2018-06-13T22:03:07","slug":"la-ciudad-de-la-paz","status":"publish","type":"page","link":"https:\/\/www.posadalunasol.com\/es\/la-ciudad-de-la-paz\/","title":{"rendered":"La ciudad de La Paz"},"content":{"rendered":"<div class=\"twoThirds\">\n<p><span class=\"blue\"><strong>La ciudad de La Paz<\/strong><\/span> es la mezcla perfecta entre turismo, y cultura local. No es como Cabo San Lucas, Canc\u00fan o Ixtapa, que son lugares en donde solamente hay grandes construcciones lujosas a lo largo del mar, no dejando a los locales entrar en sus playas. En La Paz (con alrededor de 250,000 habitantes) encontrar\u00e1 familias Mexicanas y turistas, paseando a lo largo del corredor tur\u00edstico tambi\u00e9n conocido como \u00abMalec\u00f3n\u00bb. En este paseo de m\u00e1s de 3 kil\u00f3metros de largo se encuentran esculturas que adornan la vista del mar de Cort\u00e9z.<\/p>\n<p><span class=\"blue\"><strong>Posada Luna Sol<\/strong><\/span> se encuentra a tan solo una cuadra de la Marina de La Paz la cual est\u00e1 ubicada casi a la entrada de este pintoresco Malec\u00f3n en donde el arte, m\u00fasica, comida, y belleza est\u00e1n mezclados. .<\/p>\n<\/div>\n","protected":false},"excerpt":{"rendered":"<p>La ciudad de La Paz es la mezcla perfecta entre turismo, y cultura local. No es como Cabo San Lucas, Canc\u00fan o Ixtapa, que son lugares en donde solamente hay grandes construcciones lujosas a lo largo del mar, no dejando a los locales entrar en sus playas. En La Paz (con alrededor de 250,000 habitantes) [&hellip;]<\/p>\n","protected":false},"author":3,"featured_media":344,"parent":0,"menu_order":0,"comment_status":"closed","ping_status":"closed","template":"","meta":{"_uag_custom_page_level_css":"","footnotes":""},"class_list":["post-94","page","type-page","status-publish","has-post-thumbnail","hentry"],"uagb_featured_image_src":{"full":["https:\/\/www.posadalunasol.com\/wordpress\/wp-content\/uploads\/2018\/06\/the-city.jpg",462,390,false],"thumbnail":["https:\/\/www.posadalunasol.com\/wordpress\/wp-content\/uploads\/2018\/06\/the-city-150x150.jpg",150,150,true],"medium":["https:\/\/www.posadalunasol.com\/wordpress\/wp-content\/uploads\/2018\/06\/the-city-300x253.jpg",300,253,true],"medium_large":["https:\/\/www.posadalunasol.com\/wordpress\/wp-content\/uploads\/2018\/06\/the-city.jpg",462,390,false],"large":["https:\/\/www.posadalunasol.com\/wordpress\/wp-content\/uploads\/2018\/06\/the-city.jpg",462,390,false],"1536x1536":["https:\/\/www.posadalunasol.com\/wordpress\/wp-content\/uploads\/2018\/06\/the-city.jpg",462,390,false],"2048x2048":["https:\/\/www.posadalunasol.com\/wordpress\/wp-content\/uploads\/2018\/06\/the-city.jpg",462,390,false],"gform-image-choice-sm":["https:\/\/www.posadalunasol.com\/wordpress\/wp-content\/uploads\/2018\/06\/the-city.jpg",300,253,false],"gform-image-choice-md":["https:\/\/www.posadalunasol.com\/wordpress\/wp-content\/uploads\/2018\/06\/the-city.jpg",400,338,false],"gform-image-choice-lg":["https:\/\/www.posadalunasol.com\/wordpress\/wp-content\/uploads\/2018\/06\/the-city.jpg",462,390,false]},"uagb_author_info":{"display_name":"Steve Price","author_link":"https:\/\/www.posadalunasol.com\/es\/author\/concept_design\/"},"uagb_comment_info":0,"uagb_excerpt":"La ciudad de La Paz es la mezcla perfecta entre turismo, y cultura local. No es como Cabo San Lucas, Canc\u00fan o Ixtapa, que son lugares en donde solamente hay grandes construcciones lujosas a lo largo del mar, no dejando a los locales entrar en sus playas. En La Paz (con alrededor de 250,000 habitantes)&hellip;","_links":{"self":[{"href":"https:\/\/www.posadalunasol.com\/es\/wp-json\/wp\/v2\/pages\/94","targetHints":{"allow":["GET"]}}],"collection":[{"href":"https:\/\/www.posadalunasol.com\/es\/wp-json\/wp\/v2\/pages"}],"about":[{"href":"https:\/\/www.posadalunasol.com\/es\/wp-json\/wp\/v2\/types\/page"}],"author":[{"embeddable":true,"href":"https:\/\/www.posadalunasol.com\/es\/wp-json\/wp\/v2\/users\/3"}],"replies":[{"embeddable":true,"href":"https:\/\/www.posadalunasol.com\/es\/wp-json\/wp\/v2\/comments?post=94"}],"version-history":[{"count":1,"href":"https:\/\/www.posadalunasol.com\/es\/wp-json\/wp\/v2\/pages\/94\/revisions"}],"predecessor-version":[{"id":95,"href":"https:\/\/www.posadalunasol.com\/es\/wp-json\/wp\/v2\/pages\/94\/revisions\/95"}],"wp:featuredmedia":[{"embeddable":true,"href":"https:\/\/www.posadalunasol.com\/es\/wp-json\/wp\/v2\/media\/344"}],"wp:attachment":[{"href":"https:\/\/www.posadalunasol.com\/es\/wp-json\/wp\/v2\/media?parent=94"}],"curies":[{"name":"wp","href":"https:\/\/api.w.org\/{rel}","templated":true}]}}