{"id":981,"date":"2024-12-23T08:49:57","date_gmt":"2024-12-23T15:49:57","guid":{"rendered":"https:\/\/www.posadalunasol.com\/gracias\/"},"modified":"2024-12-23T08:49:57","modified_gmt":"2024-12-23T15:49:57","slug":"gracias","status":"publish","type":"page","link":"https:\/\/www.posadalunasol.com\/es\/gracias\/","title":{"rendered":"Gracias"},"content":{"rendered":"\n<div class=\"wp-block-uagb-container uagb-block-224cfc4c alignfull uagb-is-root-container\"><div class=\"uagb-container-inner-blocks-wrap\">\n<p>Gracias por ponerte en contacto con nosotros. Tu formulario se ha enviado correctamente y en breve nos pondremos en contacto contigo. <\/p>\n<\/div><\/div>\n\n\n\n<div class=\"wp-block-uagb-container uagb-block-27fa7ced alignfull uagb-is-root-container\"><div class=\"uagb-container-inner-blocks-wrap\">\n<div class=\"wp-block-uagb-container uagb-block-0220d732\">\n<div class=\"wp-block-uagb-container uagb-block-1da98186\">\n<div class=\"wp-block-uagb-info-box uagb-block-8bd9c4d2 uagb-infobox__content-wrap uagb-infobox-icon-above-title uagb-infobox-image-valign-top\"><div class=\"uagb-ifb-content\"><div class=\"uagb-ifb-title-wrap\"><h3 class=\"uagb-ifb-title\">Reservar excursiones<\/h3><\/div><p class=\"uagb-ifb-desc\">Reserva con nosotros una excursi\u00f3n de un d\u00eda en kayak, para bucear con el tibur\u00f3n ballena o el le\u00f3n marino, \u00a1durante tu estancia!<br>Disponemos de nuestro propio equipo de profesionales en nuestro hotel para ofrecerte una excursi\u00f3n de un d\u00eda en kayak de mar o haciendo snorkel.<\/p><div class=\"uagb-ifb-button-wrapper wp-block-button\"><a href=\"https:\/\/kayakbaja.com\/\" class=\"uagb-infobox-cta-link wp-block-button__link\" target=\"_blank\" rel=\"noopener noreferrer\" onclick=\"return true;\"><span class=\"uagb-inline-editing\">VISITA EL SITIO<\/span><\/a><\/div><\/div><\/div>\n<\/div>\n<\/div>\n<\/div><\/div>\n","protected":false},"excerpt":{"rendered":"<p>Gracias por ponerte en contacto con nosotros. Tu formulario se ha enviado correctamente y en breve nos pondremos en contacto contigo.<\/p>\n","protected":false},"author":8,"featured_media":0,"parent":0,"menu_order":0,"comment_status":"closed","ping_status":"closed","template":"","meta":{"_uag_custom_page_level_css":"","footnotes":""},"class_list":["post-981","page","type-page","status-publish","hentry"],"uagb_featured_image_src":{"full":false,"thumbnail":false,"medium":false,"medium_large":false,"large":false,"1536x1536":false,"2048x2048":false,"gform-image-choice-sm":false,"gform-image-choice-md":false,"gform-image-choice-lg":false},"uagb_author_info":{"display_name":"Stevie","author_link":"https:\/\/www.posadalunasol.com\/es\/author\/stevie\/"},"uagb_comment_info":0,"uagb_excerpt":"Gracias por ponerte en contacto con nosotros. Tu formulario se ha enviado correctamente y en breve nos pondremos en contacto contigo.","_links":{"self":[{"href":"https:\/\/www.posadalunasol.com\/es\/wp-json\/wp\/v2\/pages\/981","targetHints":{"allow":["GET"]}}],"collection":[{"href":"https:\/\/www.posadalunasol.com\/es\/wp-json\/wp\/v2\/pages"}],"about":[{"href":"https:\/\/www.posadalunasol.com\/es\/wp-json\/wp\/v2\/types\/page"}],"author":[{"embeddable":true,"href":"https:\/\/www.posadalunasol.com\/es\/wp-json\/wp\/v2\/users\/8"}],"replies":[{"embeddable":true,"href":"https:\/\/www.posadalunasol.com\/es\/wp-json\/wp\/v2\/comments?post=981"}],"version-history":[{"count":0,"href":"https:\/\/www.posadalunasol.com\/es\/wp-json\/wp\/v2\/pages\/981\/revisions"}],"wp:attachment":[{"href":"https:\/\/www.posadalunasol.com\/es\/wp-json\/wp\/v2\/media?parent=981"}],"curies":[{"name":"wp","href":"https:\/\/api.w.org\/{rel}","templated":true}]}}